{"id":33,"date":"2010-10-27T22:47:44","date_gmt":"2010-10-27T22:47:44","guid":{"rendered":"http:\/\/the-horny-blues-band.de"},"modified":"2021-07-07T10:05:08","modified_gmt":"2021-07-07T10:05:08","slug":"presse","status":"publish","type":"page","link":"https:\/\/the-horny-blues-band.de\/?page_id=33","title":{"rendered":"Presse"},"content":{"rendered":"<div class=\"post-body\">\n<p><strong> Fotos:<\/strong><\/p>\n<table border=\"0\" width=\"669\" cellspacing=\"1\" cellpadding=\"0\" align=\"left\">\n<tbody>\n<tr>\n<td width=\"320\"><a href=\"https:\/\/the-horny-blues-band.de\/wp-content\/uploads\/2013\/04\/thumb-sw.jpg\"><img loading=\"lazy\" decoding=\"async\" class=\"alignnone size-full wp-image-473\" src=\"https:\/\/the-horny-blues-band.de\/wp-content\/uploads\/2013\/04\/thumb-sw.jpg\" alt=\"\" width=\"300\" height=\"202\" \/><\/a><a href=\".\/download\/presse\/thumb.jpg\"><br \/>\n<\/a><\/td>\n<td valign=\"bottom\" width=\"346\">Download als RGB JPG Datei (f\u00fcr Internet)<br \/>\n<a title=\"Download der Datei\" href=\".\/download\/presse\/the-horny-bluese-band-web-800.jpg\" target=\"_blank\" rel=\"noopener\">800 x 538 Pixel<\/a> \u2013 <a title=\"Download der Datei\" href=\".\/download\/presse\/the-horny-bluese-band-web-1280.jpg\" target=\"_blank\" rel=\"noopener\">1280 x 860 Pixel<br \/>\n<\/a><br \/>\nDownload als RGB JPG Datei (f\u00fcr Print)<br \/>\n<a title=\"Download der Datei\" href=\"http:\/\/the-horny-blues-band.de\/download\/presse\/the-horny-bluese-band-print.jpg\" target=\"_blank\" rel=\"noopener\">Hohe Aufl\u00f6sung<\/a><\/td>\n<\/tr>\n<tr>\n<td><a href=\"https:\/\/the-horny-blues-band.de\/wp-content\/uploads\/2013\/04\/thumb-sw.jpg\"><img loading=\"lazy\" decoding=\"async\" class=\"alignnone size-full wp-image-473\" src=\"https:\/\/the-horny-blues-band.de\/wp-content\/uploads\/2013\/04\/thumb-sw.jpg\" alt=\"\" width=\"300\" height=\"202\" \/><\/a><a href=\"http:\/\/the-horny-blues-band.de\/download\/presse\/thumb-sw.jpg\"><br \/>\n<\/a><\/td>\n<td align=\"left\" valign=\"bottom\">Download als SW JPG Datei (f\u00fcr Print)<br \/>\n<a title=\"Download der Datei\" href=\".\/download\/presse\/the-horny-bluese-band-print-sw.jpg\" target=\"_blank\" rel=\"noopener\">Hohe Aufl\u00f6sung<\/a><\/td>\n<\/tr>\n<tr>\n<td><a href=\"https:\/\/the-horny-blues-band.de\/wp-content\/uploads\/2013\/04\/the-horny-blues-band.gif\"><img loading=\"lazy\" decoding=\"async\" class=\"alignnone wp-image-402\" src=\"https:\/\/the-horny-blues-band.de\/wp-content\/uploads\/2013\/04\/the-horny-blues-band.gif\" alt=\"\" width=\"561\" height=\"209\" srcset=\"https:\/\/the-horny-blues-band.de\/wp-content\/uploads\/2013\/04\/the-horny-blues-band.gif 561w, https:\/\/the-horny-blues-band.de\/wp-content\/uploads\/2013\/04\/the-horny-blues-band-300x111.gif 300w\" sizes=\"(max-width: 561px) 100vw, 561px\" \/><\/a><a href=\".\/download\/presse\/thbb-logo.gif\"><br \/>\n<\/a><\/td>\n<td align=\"left\" valign=\"bottom\"><a title=\"Download der Datei\" href=\".\/download\/presse\/thbb-logo.pdf\" target=\"_blank\" rel=\"noopener\">Download Logo als PDF<\/a><\/td>\n<\/tr>\n<\/tbody>\n<\/table>\n<\/div>\n","protected":false},"excerpt":{"rendered":"<p>Fotos: Download als RGB JPG Datei (f\u00fcr Internet) 800 x 538 Pixel \u2013 1280 x 860 Pixel Download als RGB JPG Datei (f\u00fcr Print) Hohe Aufl\u00f6sung Download als SW JPG Datei (f\u00fcr Print) Hohe Aufl\u00f6sung Download Logo als PDF<\/p>\n","protected":false},"author":1,"featured_media":0,"parent":0,"menu_order":0,"comment_status":"closed","ping_status":"closed","template":"","meta":{"footnotes":""},"_links":{"self":[{"href":"https:\/\/the-horny-blues-band.de\/index.php?rest_route=\/wp\/v2\/pages\/33"}],"collection":[{"href":"https:\/\/the-horny-blues-band.de\/index.php?rest_route=\/wp\/v2\/pages"}],"about":[{"href":"https:\/\/the-horny-blues-band.de\/index.php?rest_route=\/wp\/v2\/types\/page"}],"author":[{"embeddable":true,"href":"https:\/\/the-horny-blues-band.de\/index.php?rest_route=\/wp\/v2\/users\/1"}],"replies":[{"embeddable":true,"href":"https:\/\/the-horny-blues-band.de\/index.php?rest_route=%2Fwp%2Fv2%2Fcomments&post=33"}],"version-history":[{"count":20,"href":"https:\/\/the-horny-blues-band.de\/index.php?rest_route=\/wp\/v2\/pages\/33\/revisions"}],"predecessor-version":[{"id":556,"href":"https:\/\/the-horny-blues-band.de\/index.php?rest_route=\/wp\/v2\/pages\/33\/revisions\/556"}],"wp:attachment":[{"href":"https:\/\/the-horny-blues-band.de\/index.php?rest_route=%2Fwp%2Fv2%2Fmedia&parent=33"}],"curies":[{"name":"wp","href":"https:\/\/api.w.org\/{rel}","templated":true}]}}