{"id":2,"date":"2010-07-06T10:23:24","date_gmt":"2010-07-06T10:23:24","guid":{"rendered":"http:\/\/the-horny-blues-band.de\/blog\/?page_id=2"},"modified":"2015-03-14T20:45:30","modified_gmt":"2015-03-14T20:45:30","slug":"about","status":"publish","type":"page","link":"https:\/\/the-horny-blues-band.de\/?page_id=2","title":{"rendered":"Die Band"},"content":{"rendered":"<p><a href=\"http:\/\/the-horny-blues-band.de\/wp-content\/uploads\/2010\/07\/thbb-bild2-web.jpg\"><img loading=\"lazy\" decoding=\"async\" class=\"  wp-image-438 aligncenter\" src=\"http:\/\/the-horny-blues-band.de\/wp-content\/uploads\/2010\/07\/thbb-bild2-web-1024x688.jpg\" alt=\"thbb-bild2-web\" width=\"432\" height=\"290\" srcset=\"https:\/\/the-horny-blues-band.de\/wp-content\/uploads\/2010\/07\/thbb-bild2-web-1024x688.jpg 1024w, https:\/\/the-horny-blues-band.de\/wp-content\/uploads\/2010\/07\/thbb-bild2-web-300x201.jpg 300w, https:\/\/the-horny-blues-band.de\/wp-content\/uploads\/2010\/07\/thbb-bild2-web.jpg 1480w\" sizes=\"(max-width: 432px) 100vw, 432px\" \/><\/a><\/p>\n<p>2010 um den Schlagzeuger Chris H\u00e4nisch (ehem. Full House) formiert, bieten Benji Schmitt an den Stimmb\u00e4ndern (Full House), Michael Schmidt am Bass (Wolfgang Buck Band), und Phil Carroll an der Gitarre (Spellbound) ein explosives Gemisch aus Blues, Funk und Soul dar.<\/p>\n<p>Songs u. a. von B. B. King, Lucky Peterson, Van Morrison, John Mayer, Jonny Lang, Johnny Winter, Robert Cray um nur einen Auszug aus dem vielf\u00e4ltigem Programm zu nennen, bieten Musik zum Tanzen, Zuh\u00f6ren, Genie\u00dfen und vor allem zum Grooven.<\/p>\n<p><span style=\"color: #000000;\">Von links nach rechts:<br \/>\n<\/span>Phil Carroll &#8211; Guitar, Benji Schmitt &#8211; Vocals, Michael Schmidt &#8211; Bass, Chris H\u00e4nisch &#8211; Drums,<\/p>\n","protected":false},"excerpt":{"rendered":"<p>2010 um den Schlagzeuger Chris H\u00e4nisch (ehem. Full House) formiert, bieten Benji Schmitt an den Stimmb\u00e4ndern (Full House), Michael Schmidt am Bass (Wolfgang Buck Band), und Phil Carroll an der Gitarre (Spellbound) ein explosives Gemisch aus Blues, Funk und Soul dar. Songs u. a. von B. B. King, Lucky Peterson, Van Morrison, John Mayer, Jonny <a href=\"https:\/\/the-horny-blues-band.de\/?page_id=2\" class=\"more-link\">&#8230;<span class=\"screen-reader-text\">  Die Band<\/span><\/a><\/p>\n","protected":false},"author":1,"featured_media":0,"parent":0,"menu_order":0,"comment_status":"closed","ping_status":"open","template":"","meta":{"footnotes":""},"_links":{"self":[{"href":"https:\/\/the-horny-blues-band.de\/index.php?rest_route=\/wp\/v2\/pages\/2"}],"collection":[{"href":"https:\/\/the-horny-blues-band.de\/index.php?rest_route=\/wp\/v2\/pages"}],"about":[{"href":"https:\/\/the-horny-blues-band.de\/index.php?rest_route=\/wp\/v2\/types\/page"}],"author":[{"embeddable":true,"href":"https:\/\/the-horny-blues-band.de\/index.php?rest_route=\/wp\/v2\/users\/1"}],"replies":[{"embeddable":true,"href":"https:\/\/the-horny-blues-band.de\/index.php?rest_route=%2Fwp%2Fv2%2Fcomments&post=2"}],"version-history":[{"count":24,"href":"https:\/\/the-horny-blues-band.de\/index.php?rest_route=\/wp\/v2\/pages\/2\/revisions"}],"predecessor-version":[{"id":4,"href":"https:\/\/the-horny-blues-band.de\/index.php?rest_route=\/wp\/v2\/pages\/2\/revisions\/4"}],"wp:attachment":[{"href":"https:\/\/the-horny-blues-band.de\/index.php?rest_route=%2Fwp%2Fv2%2Fmedia&parent=2"}],"curies":[{"name":"wp","href":"https:\/\/api.w.org\/{rel}","templated":true}]}}